{"id":6532,"date":"2016-10-04T15:09:41","date_gmt":"2016-10-04T15:09:41","guid":{"rendered":"http:\/\/savory.elated-themes.com\/?page_id=6532"},"modified":"2024-01-02T13:07:08","modified_gmt":"2024-01-02T12:07:08","slug":"reservation-en-ligne","status":"publish","type":"page","link":"https:\/\/shabazi.fr\/index.php\/reservation-en-ligne\/","title":{"rendered":"Reservation en ligne"},"content":{"rendered":"<section class=\"wpb-content-wrapper\"><p>[vc_row content_width=\u00a0\u00bbgrid\u00a0\u00bb content_aligment=\u00a0\u00bbcenter\u00a0\u00bb css=\u00a0\u00bb.vc_custom_1476868556006{padding-top: 95px !important;}\u00a0\u00bb][vc_column offset=\u00a0\u00bbvc_col-lg-offset-3 vc_col-lg-6 vc_col-md-offset-1 vc_col-md-9&Prime;]<div class=\"eltd-section-title-outer-holder\" style=\"text-align: center\">\n\n\t\t\t<div class=\"eltd-section-subtitle-holder\">\n\t\t\t<h5 class=\"eltd-section-subtitle\" style=\";;color: #333333;;;;\">\n\t\t\t\tChoisissez votre table\t\t\t<\/h5>\n\t\t<\/div>\n\t\n\t\t\t<div class=\"eltd-section-title-title-holder\">\n\t\t\t\t<h2 class=\"eltd-section-title\" style=\";;;;;;;\">\n\t\t\t\tR\u00e9server\t\t\t\t<\/h2>\n\t\t<\/div>\n\t\n<\/div>[vc_column_text]<\/p>\n<h4 style=\"text-align: center;\">Remplissez vos informations de reservation<\/h4>\n<p>[\/vc_column_text][\/vc_column][\/vc_row][vc_row content_width=\u00a0\u00bbgrid\u00a0\u00bb css=\u00a0\u00bb.vc_custom_1701729853462{padding-top: 0px !important;}\u00a0\u00bb][vc_column][vc_column_text]<\/p>\n<p style=\"text-align: center;\"><!-- ReDi Restaurant Reservation plugin version 23.1124 -->\r\n<!-- Revision: 20231124 -->\r\n<div id=\"cancel-reservation-div\" style=\"display: none\">\r\n\t<h4>\r\n\t\tAnnuler la r\u00e9servation\t<\/h4><a href=\"#cancel\" class=\"back-to-reservation cancel-reservation\">\r\n\t\tRetour \u00e0 la page de r\u00e9servation\t<\/a>\r\n\t<br \/>\r\n\t<div id=\"cancel-reservation-form\">\r\n\t\t<form method=\"post\" action=\"?jquery_fail=true\">\r\n\r\n\t\t\t<label for=\"redi-restaurant-cancelID\">\r\n\t\t\t\tNum\u00e9ro de r\u00e9servation:<span\r\n\t\t\t\t\tclass=\"redi_required\">*<\/span>\r\n\t\t\t<\/label>\r\n\t\t\t<input type=\"text\" name=\"cancelID\" id=\"redi-restaurant-cancelID\" class=\"redi-rest-id\" \/>\r\n\r\n\t\t\t<div class=\"redi-restaurant-hideContent\">\r\n\t\t\t\t<label for=\"cancelPhone-intlTel\">\r\n\t\t\t\t\tT\u00e9l\u00e9phone:\r\n\t\t\t\t<\/label>\r\n\t\t\t\t<input type=\"text\" value=\"\" name=\"cancelPhone-intlTel\" id=\"cancelPhone-intlTel\" class=\"redi-rest-phone\" \/>\r\n\t\t\t\t<input type=\"hidden\" name=\"redi-restaurant-cancelPhone\" id=\"redi-restaurant-cancelPhone\" \/>\r\n\t\t\t\t<br\/>\r\n\t\t\t<\/div>\r\n\t\t\t<div class=\"redi-restaurant-hideContent\">\r\n\t\t\t\t<label for=\"redi-restaurant-cancelName\">\r\n\t\t\t\t\tNom:\r\n\t\t\t\t<\/label>\r\n\t\t\t\t<input type=\"text\" name=\"cancelName\" id=\"redi-restaurant-cancelName\" class=\"redi-rest-name\" \/>\r\n\t\t\t<\/div>\r\n\r\n\t\t\t<div class=\"redi-restaurant-hideContent\">\r\n\t\t\t\t<label for=\"redi-restaurant-cancelEmail\">\r\n\t\t\t\t\tE-mail:\r\n\t\t\t\t<\/label>\r\n\t\t\t\t<input type=\"text\" name=\"cancelEmail\" id=\"redi-restaurant-cancelEmail\" class=\"redi-rest-email\" \/>\r\n\t\t\t<\/div>\r\n\r\n\t\t\t<label for=\"redi-restaurant-cancelReason\">\r\n\t\t\t\tMotif:<span class=\"redi_required\"> *<\/span>\r\n\t\t\t<\/label>\r\n\t\t\t<textarea maxlength=\"250\" rows=\"5\" name=\"cancelEmail\" id=\"redi-restaurant-cancelReason\" class=\"redi-restaurant-cancelReason\" cols=\"20\"><\/textarea>\r\n\r\n\t\t\t<div>\r\n\t\t\t\t<input class=\"redi-restaurant-button\" type=\"submit\" id=\"redi-restaurant-cancel\" name=\"action\"\r\n\t\t\t\t\tvalue=\"Annuler la r\u00e9servation\">\r\n\t\t\t<\/div>\r\n\r\n\t\t\t<img id=\"cancel-load\" style=\"display: none;\"\r\n\t\t\t\tsrc=\"https:\/\/shabazi.fr\/wp-content\/plugins\/redi-restaurant-reservation\/img\/ajax-loader.gif\" alt=\"\" \/>\r\n\t\t<\/form>\r\n\t<\/div>\r\n\t<div id=\"cancel-errors\" style=\"display: none;\" class=\"redi-reservation-alert-error redi-reservation-alert\"><\/div>\r\n\t<div id=\"cancel-success\" style=\"display: none;\" class=\"redi-reservation-alert-success redi-reservation-alert\">\r\n\t\t<strong>\r\n\t\t\tLa r\u00e9servation a \u00e9t\u00e9 annul\u00e9e avec succ\u00e8s.\t\t<\/strong>\r\n\t<\/div>\r\n<\/div><div id=\"modify-reservation-div\" style=\"display: none\">\r\n    <h4>Modifier la r\u00e9servation<\/h4>\r\n    <a href=\"#modify\" class=\"back-to-reservation modify-reservation\">Retour \u00e0 la page de r\u00e9servation<\/a>\r\n\t<div id=\"modify-reservation-form\">\r\n\t\t<form method=\"post\" action=\"?jquery_fail=true\">\r\n\t\t\t<label for=\"redi-restaurant-modifyID\">Num\u00e9ro de r\u00e9servation:<span class=\"redi_required\"> *<\/span><\/label>\r\n\t\t\t<input type=\"text\" name=\"modifyID\" id=\"redi-restaurant-modifyID\"\/>\r\n\t\t\t<label for=\"modifyPhone-intlTel\">T\u00e9l\u00e9phone:<\/label>\r\n\t\t\t<input type=\"text\" value=\"\" name=\"modifyPhone-intlTel\" id=\"modifyPhone-intlTel\">\r\n\t\t\t<input type=\"hidden\" name=\"redi-restaurant-modifyPhone\" id=\"redi-restaurant-modifyPhone\"\/>\r\n\t\t\t<label for=\"redi-restaurant-modifyName\">Nom:<\/label>\r\n\t\t\t<input type=\"text\" name=\"modifyName\" id=\"redi-restaurant-modifyName\"\/>\r\n\t\t\t<label for=\"redi-restaurant-modifyEmail\">E-mail:<\/label>\r\n\t\t\t<input type=\"text\" name=\"modifyEmail\" id=\"redi-restaurant-modifyEmail\"\/>\r\n            <input class=\"redi-restaurant-button\" type=\"submit\" id=\"redi-restaurant-modify\" name=\"action\" value=\"Trouver une r\u00e9servation\">\r\n            <img decoding=\"async\" id=\"modify-load\" style=\"display: none;\" src=\"https:\/\/shabazi.fr\/wp-content\/plugins\/redi-restaurant-reservation\/img\/ajax-loader.gif\" alt=\"\"\/>\r\n\t\t<\/form>\r\n\t<\/div>\r\n    <div id=\"modify-errors\" style=\"display: none;\" class=\"redi-reservation-alert-error redi-reservation-alert\"><\/div>\r\n<\/div>\r\n\r\n<div id=\"update-reservation-div\" style=\"display: none\">\r\n    <h4>Mettre \u00e0 jour la r\u00e9servation<\/h4>\r\n    <a href=\"#modify\" class=\"back-to-reservation modify-reservation\">Retour \u00e0 la page de r\u00e9servation<\/a>\r\n\t<br\/>\r\n\t<div id=\"update-reservation-form\">\r\n\t\t<form method=\"post\" action=\"?jquery_fail=true\">\t\t\r\n\t\t\t<p>Date: <span class=\"redi-modify-date\" id=\"updateDateFrom\"><\/span><\/p>\r\n\t\t\t<p>Heure: <span class=\"redi-modify-time\" id=\"updateTimeFrom\"><\/span><\/p>\r\n\t\t\t<p>\r\n\t\t\t\t<label for=\"updatePersons\">\r\n\t\t\t\t\tPersonnes:\r\n\t\t\t\t<\/label>\r\n\t\t\t\t<select name=\"updatePersons\" id=\"updatePersons\" class=\"redi-reservation-select\">\r\n\t\t\t\t\t\t\t\t\t\t\t<option value=\"1\" >\r\n\t\t\t\t\t\t\t1\t\t\t\t\t\t<\/option>\r\n\t\t\t\t\t\t\t\t\t\t\t<option value=\"2\" >\r\n\t\t\t\t\t\t\t2\t\t\t\t\t\t<\/option>\r\n\t\t\t\t\t\t\t\t\t\t\t<option value=\"3\" >\r\n\t\t\t\t\t\t\t3\t\t\t\t\t\t<\/option>\r\n\t\t\t\t\t\t\t\t\t\t\t<option value=\"4\" >\r\n\t\t\t\t\t\t\t4\t\t\t\t\t\t<\/option>\r\n\t\t\t\t\t\t\t\t\t\t\t<option value=\"5\" >\r\n\t\t\t\t\t\t\t5\t\t\t\t\t\t<\/option>\r\n\t\t\t\t\t\t\t\t\t\t\t<option value=\"6\" >\r\n\t\t\t\t\t\t\t6\t\t\t\t\t\t<\/option>\r\n\t\t\t\t\t\t\t\t\t\t\t<option value=\"7\" >\r\n\t\t\t\t\t\t\t7\t\t\t\t\t\t<\/option>\r\n\t\t\t\t\t\t\t\t\t\t\t<option value=\"8\" >\r\n\t\t\t\t\t\t\t8\t\t\t\t\t\t<\/option>\r\n\t\t\t\t\t\t\t\t\t\t\t<option value=\"9\" >\r\n\t\t\t\t\t\t\t9\t\t\t\t\t\t<\/option>\r\n\t\t\t\t\t\t\t\t\t\t\t<option value=\"10\" >\r\n\t\t\t\t\t\t\t10\t\t\t\t\t\t<\/option>\r\n\t\t\t\t\t\t\t\t\t<\/select>\r\n\t\t\t<\/p>\r\n\t\t\t<div>\r\n\t\t\t\t<label for=\"updateUserName\">Nom:<span class=\"redi_required\"> *<\/span><\/label>\r\n\t\t\t\t<input type=\"text\" value=\"\" name=\"updateUserName\" id=\"updateUserName\">\r\n\t\t\t<\/div>\r\n\t\t\t<div>\r\n\t\t\t\t<label for=\"updateUserPhone-intlTel\">T\u00e9l\u00e9phone:<span class=\"redi_required\"> *<\/span><\/label>\t\t\r\n\t\t\t\t<input type=\"text\" value=\"\" name=\"updateUserPhone-intlTel\" id=\"updateUserPhone-intlTel\">\r\n\t\t\t\t<div>\r\n\t\t\t\t\t<input type=\"hidden\" value=\"\" name=\"updateUserPhone\" id=\"updateUserPhone\">\r\n\t\t\t\t<\/div>\r\n\t\t\t<\/div>\r\n\t\t\t<div>\r\n\t\t\t\t<label for=\"updateUserEmail\">E-mail:<span class=\"redi_required\"> *<\/span><\/label>\r\n\t\t\t\t<input type=\"text\" value=\"\" name=\"updateUserEmail\" id=\"updateUserEmail\" >\r\n\t\t\t<\/div>\r\n\t\t\t<div>\r\n\t\t\t\t<label for=\"updateUserComments\">Commentaire:<\/label>\r\n\t\t\t\t<textarea maxlength=\"250\" rows=\"5\" name=\"updateUserComments\" id=\"updateUserComments\" cols=\"20\" class=\"UserComments\"><\/textarea>\r\n\t\t\t<\/div>\r\n\t\t\t<input type=\"hidden\" value=\"\" name=\"redi-restaurant-updateID\" id=\"redi-restaurant-updateID\">\r\n\t\t\t<input type=\"hidden\" value=\"\" name=\"updateTo\" id=\"updateTo\">\r\n\t\t\t<input type=\"hidden\" value=\"\" name=\"updateFrom\" id=\"updateFrom\">\r\n\t\t\t<input type=\"hidden\" value=\"\" name=\"updatePlaceReferenceId\" id=\"updatePlaceReferenceId\">\t\t\r\n\t\t\t<input class=\"redi-restaurant-button\" type=\"submit\" id=\"redi-restaurant-update\" name=\"action\" value=\"Mettre \u00e0 jour la r\u00e9servation\">\r\n\t\t\t<img decoding=\"async\" id=\"update-load\" style=\"display: none;\" src=\"https:\/\/shabazi.fr\/wp-content\/plugins\/redi-restaurant-reservation\/img\/ajax-loader.gif\" alt=\"\"\/>\r\n\t\t<\/form>\r\n\t<\/div>\r\n\t<div id=\"update-errors\" style=\"display: none;\" class=\"redi-reservation-alert-error redi-reservation-alert\"><\/div>\r\n    <div id=\"update-success\" style=\"display: none;\" class=\"redi-reservation-alert-success redi-reservation-alert\">\r\n\t\t<strong>\r\n\t\t\tReservation has been successfully updated.\t\t<\/strong>\r\n\t<\/div>\t\r\n<\/div><script type=\"text\/javascript\">var plugin_name='ReDi Restaurant Reservation version 23.1124';var displayLeftSeats = 0;\r\nvar redirect_to_confirmation_page = '';var timepicker = '';var date_format = 'dd\/mm\/yy';var timepicker_time_format ='HH:mm';var locale = 'fr_FR';var datepicker_locale = 'fr'; var timeshiftmode = 'byshifts'; var hidesteps = 0; var apikeyid = '1'; var waitlist='0'; var maxDate = new Date();maxDate.setFullYear(maxDate.getFullYear() + 1); var min_persons='1'; var max_persons = '10'; var large_group_message = '';  <\/script>\r\n\r\n<form id=\"redi-reservation\" name=\"redi-reservation\" method=\"post\" action=\"?jquery_fail=true\">\r\n\t\t\t\r\n\t<div id=\"step1\">\r\n\t\t\r\n\t\t            <div class=\"rowLeft\">\r\n            <h4>\r\n\t\t\t\tR\u00e9servez une table 1: S\u00e9lectionnez le nombre de personnes, la date puis l'horaire \r\n\t\t\t<\/h4>\r\n\t<\/div>\r\n\r\n\t\r\n            <input type=\"hidden\" id=\"placeID\" name=\"placeID\" value=\"36299\"\/>\r\n         \r\n\t\t <label for=\"persons\">\r\n\t\tNombre de convives:<span class=\"redi_required\"> *<\/span><\/label>\r\n\t\t<select name=\"persons\" id=\"persons\" class=\"redi-reservation-select\">\r\n\t\t\t\t<option value=\"0\" selected=\"selected\">\r\n\t\t\t\t\tNombre d'invit\u00e9s                <\/option>\r\n\t\t\t\t\t\t\t<option value=\"1\" >\r\n                    1                <\/option>\r\n\t\t\t\t\t\t\t<option value=\"2\" >\r\n                    2                <\/option>\r\n\t\t\t\t\t\t\t<option value=\"3\" >\r\n                    3                <\/option>\r\n\t\t\t\t\t\t\t<option value=\"4\" >\r\n                    4                <\/option>\r\n\t\t\t\t\t\t\t<option value=\"5\" >\r\n                    5                <\/option>\r\n\t\t\t\t\t\t\t<option value=\"6\" >\r\n                    6                <\/option>\r\n\t\t\t\t\t\t\t<option value=\"7\" >\r\n                    7                <\/option>\r\n\t\t\t\t\t\t\t<option value=\"8\" >\r\n                    8                <\/option>\r\n\t\t\t\t\t\t\t<option value=\"9\" >\r\n                    9                <\/option>\r\n\t\t\t\t\t\t\t<option value=\"10\" >\r\n                    10                <\/option>\r\n\t\t\t            \t\t<\/select>\r\n\r\n\t\t\r\n\t\t<div id='redi-date-block' style=\"display: none;\">\r\n\t\t<label for=\"redi-restaurant-startDate\">Date:<span class=\"redi_required\"> *<\/span><\/label>\r\n\t\t\t\t\t<div id=\"redi-restaurant-startDate\" class=\"notranslate\"><\/div>\r\n\t\t\t\t<img decoding=\"async\" id=\"date_info_load\" style=\"display: none;\" src=\"https:\/\/shabazi.fr\/wp-content\/plugins\/redi-restaurant-reservation\/img\/ajax-loader.gif\" alt=\"\"\/>\r\n\t\t<input id=\"redi-restaurant-startDateISO\" type=\"hidden\" value=\"2026-04-17\" name=\"startDateISO\"\/>\r\n\t\t<\/div>\r\n\r\n\t\t\t\t\r\n\t\t\r\n\t\t\t\t\t\t\t  \r\n\t  \t\t<input type=\"hidden\" id=\"duration\" value=\"60\"\/>\r\n \r\n\t\t\r\n\t\t\t<div id=\"step1times\">\r\n\t\t        <span id=\"step1buttons\"><\/span>\r\n\t        <\/div>\r\n\t\t        <div id=\"large_groups_message\" style=\"display: none;\" class=\"redi-reservation-alert-info redi-reservation-alert\"><\/div>\r\n\r\n\t\t<div>\r\n\t\t\t<img decoding=\"async\" id=\"step1load\" style=\"display: none;\" src=\"https:\/\/shabazi.fr\/wp-content\/plugins\/redi-restaurant-reservation\/img\/ajax-loader.gif\" alt=\"\"\/>\r\n\t\t<\/div>\r\n\r\n\t\t\r\n\t<\/div>\r\n\t\t\r\n\t\t<div id=\"step1busy\" style=\"display: none;\" class=\"redi-reservation-alert-error redi-reservation-alert\">\r\n\t\t\tLa r\u00e9servation n'est pas disponible le jour s\u00e9lectionn\u00e9. Veuillez s\u00e9lectionner un autre jour.\t\t\t\t\t<\/div>\r\n\t\t<div id=\"step1errors\" style=\"display: none;\" class=\"redi-reservation-alert-error redi-reservation-alert\">\r\n\t\tLes r\u00e9servations ne sont pas possibles. Choisissez une nouvelle date.\t\t<\/div>\r\n\r\n\t<div id=\"step2\" >\r\n\r\n\t\t\t\t\r\n\t\t        \r\n        <span id=\"time2label\" style=\"display: none\"><label>Heure:<\/label>\r\n        <\/span>\r\n        \t\t<div id=\"buttons\" class=\"buttons-wrapper\"><\/div>\r\n\t\t<input type=\"hidden\" id=\"redi-restaurant-startTimeHidden\" value=\"\"\/>\r\n\t\t<input type=\"hidden\" id=\"redi-restaurant-duration\" value=\"\"\/>\r\n        <img decoding=\"async\" id=\"step2load\" style=\"display: none;\" src=\"https:\/\/shabazi.fr\/wp-content\/plugins\/redi-restaurant-reservation\/img\/ajax-loader.gif\" alt=\"\"\/>\r\n        <div id=\"step2errors\" style=\"display: none;\" class=\"redi-reservation-alert-error redi-reservation-alert\"><\/div>\r\n\r\n\t\t\r\n\r\n\t\t\t\t<div style=\"clear:both\"><\/div>\r\n\t<\/div>\r\n\t<div id=\"step3\" style=\"display: none;\">\r\n        <h4>\r\n\t\t\tR\u00e9servez une table 2: Fournir les d\u00e9tails de la r\u00e9servation\t\t<\/h4>\r\n        \r\n        <div id=\"returned_user\" style=\"display:none\">\r\n            <div>\r\n                <a id=\"notyou\" href=\"\" style=\"float: right;\"> Modifier les d\u00e9tails<\/a>\r\n            <\/div>\r\n            <div>\r\n                <div>Nom:<\/div><br\/><br\/>\r\n            <\/div>\r\n            <div>\r\n                <div>T\u00e9l\u00e9phone:<\/div><br\/><br\/>\r\n            <\/div>\r\n            <div>\r\n                <div>E-mail:<\/div><br\/><br\/>\r\n            <\/div>\r\n        <\/div>\t\r\n        <div id=\"name_phone_email_form\" >\r\n\t\t\t<div>\r\n\t\t\t\t\t\t\t\t<label for=\"UserName\">Pr\u00e9nom:<span class=\"redi_required\"> *<\/span><\/label>\r\n\t\t\t\t\t\t\t\t\r\n\t\t\t\t<input type=\"text\" value=\"\" name=\"UserName\" id=\"UserName\" autocomplete=\"name\">\r\n\t\t\t<\/div>\r\n\t\t\t\t\t\t<div>\r\n\t\t\t\t<label for=\"UserLastName\">Nom:<span class=\"redi_required\"> *<\/span>\r\n\t\t\t\t<\/label>\r\n\t\t\t\t<input type=\"text\" value=\"\" name=\"UserLastName\" id=\"UserLastName\" autocomplete=\"name\">\r\n\t\t\t<\/div>\r\n\t\t\t\t\t\t<div>\r\n\t\t\t\t<label for=\"intlTel\">T\u00e9l\u00e9phone:<span class=\"redi_required\"> *<\/span><\/label>\r\n\t\t\t\t<input type=\"text\" value=\"\" name=\"intlTel\" id=\"intlTel\">\r\n\t\t\t<\/div>\r\n\t\t\t<div>\t\t\r\n\t\t\t\t<input type=\"hidden\" value=\"\" name=\"UserPhone\" id=\"UserPhone\">\r\n\t\t\t<\/div>\r\n\t\t\t<div>\r\n\t\t\t\t<label for=\"UserEmail\">E-mail:<span class=\"redi_required\"> *<\/span>\r\n\t\t\t\t<\/label>\r\n\t\t\t\t<input type=\"text\" value=\"\" name=\"UserEmail\" id=\"UserEmail\" autocomplete=\"email\">\r\n\t\t\t<\/div>\r\n\t\t<\/div>\r\n\r\n\t\t<!-- custom fields -->\r\n\t\t<img decoding=\"async\" id=\"RediCustomFields\" style=\"display: none;\" src=\"https:\/\/shabazi.fr\/wp-content\/plugins\/redi-restaurant-reservation\/img\/ajax-loader.gif\" alt=\"\"\/>\r\n\t\t<div id=\"custom_fields_container\"><\/div>\t\t\r\n\t\t<!-- \/custom fields -->     \r\n\t\t\r\n\t\t<div>\r\n\t\t\t<label for=\"UserComments\">\r\n\t\t\t\tCommentaire:\r\n\t\t\t<\/label>\r\n\t\t\t<textarea maxlength=\"250\" rows=\"5\" name=\"UserComments\" id=\"UserComments\" cols=\"20\" class=\"UserComments\"><\/textarea>\r\n\t\t<\/div>\r\n\r\n\t\t\r\n\t\t<div>\r\n\t\t\t\t\t\t<input class=\"redi-restaurant-button button\" type=\"submit\" id=\"redi-restaurant-step3\" name=\"action\" value=\"Effectuer une r\u00e9servation\">\r\n\t\t\t<img decoding=\"async\" id=\"step3load\" style=\"display: none;\" src=\"https:\/\/shabazi.fr\/wp-content\/plugins\/redi-restaurant-reservation\/img\/ajax-loader.gif\" alt=\"\"\/>\r\n\t\t<\/div>\r\n\t\t<div id=\"step3errors\" style=\"display: none;\" class=\"redi-reservation-alert-error redi-reservation-alert\"><\/div>\r\n\t<\/div>\r\n\t<div id=\"step4\" style=\"display: none;\" class=\"redi-reservation-alert-success redi-reservation-alert\">\r\n\t\t<h4><strong>\r\n\t\t\tNous vous remercions pour votre r\u00e9servation.\t\t<\/strong>\r\n        <\/h4>\r\n        <div>\r\n\t\t\t\t\tMerci pour votre r\u00e9servation, un mail de confirmation vous a \u00e9t\u00e9 envoy\u00e9. Si vous ne le recevez pas soyez assur\u00e9 que votre r\u00e9servation a bien \u00e9t\u00e9 enregistr\u00e9e.\t\t        <\/div>\r\n        <br\/><br\/>\r\n        Votre num\u00e9ro de r\u00e9servation pour r\u00e9f\u00e9rence : <span id=\"reservation-id\" style=\"font-weight: bold\"><\/span>\r\n    <\/div>\r\n\t\r\n\t\t<div id=\"step2busy\" style=\"display: none;\" class=\"not-waitlist redi-reservation-alert-error redi-reservation-alert\">\r\n\t\t\tLa r\u00e9servation n'est pas disponible le jour s\u00e9lectionn\u00e9. Veuillez s\u00e9lectionner un autre jour.\t\t<\/div>\r\n\r\n\t<\/form>\r\n<div class=\"waitlist-form\" style=\"display: none;\">\r\n\t<h4>Liste d'attente<\/h4>\r\n\t\t<form name=\"redi-waitlist-form\" id=\"redi-waitlist-form\" action=\"POST\">\r\n\t\t\t<input type=\"hidden\" id=\"waitlist-placeID\" name=\"placeID\" value=\"36299\"\/>\r\n\t\t \t<div>\r\n\t\t \t\t<label for=\"redi-restaurant-startDate\">Date: <b><span id=\"waitlist-startDate-label\"><\/span><\/b><\/label>\r\n\t\t\t\t<input type=\"hidden\" value=\"17\/04\/2026\" name=\"waitlist-startDate\" id=\"redi-waitlist-startDate\"\/>\r\n\t\t \t<\/div>\r\n\t\t \t<div>\r\n\t\t \t\t<label for=\"waitlist-persons\">\r\n\t\t\t\tPersonnes: <b><span id=\"waitlist-persons-label\"><\/span><\/b><\/label>\r\n\t\t\t\t<input type=\"hidden\" name=\"waitlist-persons\" id=\"waitlist-persons\">\r\n\t\t \t<\/div>\r\n\t\t \t<div>\r\n\t\t \t\t<label for=\"waitlist-Time\">\r\n\t\t\t\tHeure pr\u00e9f\u00e9r\u00e9e:<\/label>\r\n\t\t\t\t<input type=\"text\" value=\"\" name=\"waitlist-Time\" id=\"waitlist-Time\">\r\n\t\t \t<\/div>\r\n\t\t    <div>\r\n\t\t        <label for=\"waitlist-UserName\">Nom:<span class=\"redi_required\"> *<\/span>\r\n\t\t        <\/label>\r\n\t\t        <input type=\"text\" value=\"\" name=\"waitlist-UserName\" id=\"waitlist-UserName\" autocomplete=\"name\">\r\n\t\t    <\/div>\r\n\t\t    <div>\r\n\t\t        <label for=\"waitlist-UserEmail\">E-mail:<span class=\"redi_required\"> *<\/span>\r\n\t\t        <\/label>\r\n\t\t        <input type=\"text\" value=\"\" name=\"waitlist-UserEmail\" id=\"waitlist-UserEmail\" autocomplete=\"email\">\r\n\t\t    <\/div>\r\n\t\t    <div>\r\n\t\t        <label for=\"waitlist-intlTel\">T\u00e9l\u00e9phone:<span class=\"redi_required\"> *<\/span><\/label>\r\n\t\t\t\t<input type=\"text\" value=\"\" name=\"waitlist-intlTel\" id=\"waitlist-intlTel\">\r\n\t\t\t\t<div>\r\n\t\t\t\t\t<input type=\"hidden\" value=\"\" name=\"waitlist-UserPhone\" id=\"waitlist-UserPhone\">\r\n\t\t\t\t<\/div>\r\n\t\t\t<\/div>\r\n\r\n\t\t\t<!-- custom fields -->\r\n\t\t\t\t\t\t<!-- \/custom fields -->        \r\n\r\n\r\n\t\t\t<div>\r\n\t\t    \t<input class=\"redi-restaurant-button button\" type=\"submit\" id=\"redi-waitlist-submit\" name=\"action\" value=\"S'inscrire sur la liste d'attente\">\r\n\t\t    <\/div>\t\t\t\r\n\t\t<\/form>\r\n\t\t<div>\r\n\t\t\t<img decoding=\"async\" id=\"waitlistload\" style=\"display: none;\" src=\"https:\/\/shabazi.fr\/wp-content\/plugins\/redi-restaurant-reservation\/img\/ajax-loader.gif\" alt=\"\"\/>\r\n\t\t<\/div>\r\n\t\t<div id=\"wait-list-error\" style=\"display: none;\" class=\"redi-reservation-alert-error redi-reservation-alert\">\r\n\t\t<\/div>\r\n\t\t<div id=\"wait-list-success\" style=\"display: none;\" class=\"redi-reservation-alert-success redi-reservation-alert\">\r\n\t\t\tVos informations ont \u00e9t\u00e9 enregistr\u00e9es avec succ\u00e8s et vous serez notifi\u00e9 une fois qu'il y aura des places disponibles pour la date demand\u00e9e.\t\t\t\r\n\t    <\/div>\r\n<\/div>\n<p>[\/vc_column_text][\/vc_column][\/vc_row][vc_row content_width=\u00a0\u00bbgrid\u00a0\u00bb css=\u00a0\u00bb.vc_custom_1476868591796{padding-top: 75px !important;padding-bottom: 70px !important;}\u00a0\u00bb][vc_column offset=\u00a0\u00bbvc_col-lg-offset-0 vc_col-lg-6 vc_col-md-offset-0 vc_col-md-11&Prime;]<div class=\"eltd-section-title-outer-holder\" style=\"text-align: left\">\n\n\t\n\t\t\t<div class=\"eltd-section-title-title-holder\">\n\t\t\t\t<h2 class=\"eltd-section-title\" style=\";font-size: 35px;;;;;;\">\n\t\t\t\tNous contacter\t\t\t\t<\/h2>\n\t\t<\/div>\n\t\n<\/div>[vc_empty_space height=\u00a0\u00bb5px\u00a0\u00bb][vc_column_text]<\/p>\n<h4>Sed ut perspiciatis unde omnis iste natus error voluptatem accusantium dolor emque laudantium, totam rem aperiam perspiciatis unde omnis.<\/h4>\n<p>[\/vc_column_text][vc_row_inner][vc_column_inner width=\u00a0\u00bb1\/4&Prime; offset=\u00a0\u00bbvc_col-lg-3 vc_col-md-3 vc_col-xs-3&Prime;][vc_empty_space height=\u00a0\u00bb12px\u00a0\u00bb][vc_column_text]<\/p>\n<h5>T\u00e9l\u00e9phone<\/h5>\n<p>[\/vc_column_text][vc_empty_space height=\u00a0\u00bb4px\u00a0\u00bb][vc_column_text]<\/p>\n<h5>EMAIL<\/h5>\n<p>[\/vc_column_text][vc_empty_space height=\u00a0\u00bb4px\u00a0\u00bb][vc_column_text]<\/p>\n<h5>Adresse<\/h5>\n<p>[\/vc_column_text][vc_empty_space height=\u00a0\u00bb4px\u00a0\u00bb][\/vc_column_inner][vc_column_inner width=\u00a0\u00bb2\/3&Prime; offset=\u00a0\u00bbvc_col-lg-offset-0 vc_col-lg-9 vc_col-xs-9&Prime;][vc_empty_space height=\u00a0\u00bb19px\u00a0\u00bb][vc_column_text]01 56 29 18 18[\/vc_column_text][vc_empty_space height=\u00a0\u00bb7px\u00a0\u00bb][vc_column_text]contact@shabazi.fr[\/vc_column_text][vc_empty_space height=\u00a0\u00bb5px\u00a0\u00bb][vc_column_text]164 Rue de Paris, 94220 Charenton-le-Pont[\/vc_column_text][vc_empty_space height=\u00a0\u00bb15px\u00a0\u00bb][\/vc_column_inner][\/vc_row_inner][vc_empty_space height=\u00a0\u00bb30px\u00a0\u00bb][\/vc_column][vc_column offset=\u00a0\u00bbvc_col-lg-6 vc_col-md-12&Prime;]<div class=\"eltd-section-title-outer-holder\" style=\"text-align: left\">\n\n\t\n\t\t\t<div class=\"eltd-section-title-title-holder\">\n\t\t\t\t<h2 class=\"eltd-section-title\" style=\";font-size: 35px;;;;;;\">\n\t\t\t\tSuivez nous sur les r\u00e9seaux\t\t\t\t<\/h2>\n\t\t<\/div>\n\t\n<\/div>[vc_empty_space height=\u00a0\u00bb5px\u00a0\u00bb][vc_column_text]<\/p>\n<h4>D\u00e9couvrez l&rsquo;univers Shabazi \u00e0 travers notre compte Instagram<\/h4>\n<p>[\/vc_column_text][vc_empty_space height=\u00a0\u00bb8px\u00a0\u00bb]<a href=\"https:\/\/www.instagram.com\/shabaziparis\/\" target=\"_blank\"  class=\"eltd-btn eltd-btn-medium eltd-btn-outline eltd-btn-icon eltd-btn-hover-animation eltd-btn-sweep-from-left\"  >\n\t\t\t<div class=\"eltd-btn-hover-overlay\"><\/div>\n\t    <span class=\"eltd-btn-text\">Voir le compte<\/span>\n    <i class=\"eltd-icon-font-awesome fa fa-instagram \" ><\/i><\/a>[vc_empty_space height=\u00a0\u00bb25px\u00a0\u00bb][\/vc_column][\/vc_row]<\/p>\n<\/section>","protected":false},"excerpt":{"rendered":"<p>[vc_row content_width=\u00a0\u00bbgrid\u00a0\u00bb content_aligment=\u00a0\u00bbcenter\u00a0\u00bb css=\u00a0\u00bb.vc_custom_1476868556006{padding-top: 95px !important;}\u00a0\u00bb][vc_column offset=\u00a0\u00bbvc_col-lg-offset-3 vc_col-lg-6 vc_col-md-offset-1 vc_col-md-9&Prime;][vc_column_text] Remplissez vos informations de reservation [\/vc_column_text][\/vc_column][\/vc_row][vc_row content_width=\u00a0\u00bbgrid\u00a0\u00bb css=\u00a0\u00bb.vc_custom_1701729853462{padding-top: 0px !important;}\u00a0\u00bb][vc_column][vc_column_text] [\/vc_column_text][\/vc_column][\/vc_row][vc_row content_width=\u00a0\u00bbgrid\u00a0\u00bb css=\u00a0\u00bb.vc_custom_1476868591796{padding-top: 75px !important;padding-bottom: 70px !important;}\u00a0\u00bb][vc_column offset=\u00a0\u00bbvc_col-lg-offset-0 vc_col-lg-6 vc_col-md-offset-0 vc_col-md-11&Prime;][vc_empty_space height=\u00a0\u00bb5px\u00a0\u00bb][vc_column_text] Sed ut perspiciatis unde omnis iste natus error voluptatem accusantium dolor emque laudantium,&#8230;<\/p>\n","protected":false},"author":2,"featured_media":0,"parent":0,"menu_order":0,"comment_status":"closed","ping_status":"closed","template":"full-width.php","meta":{"footnotes":""},"class_list":["post-6532","page","type-page","status-publish","hentry"],"_links":{"self":[{"href":"https:\/\/shabazi.fr\/index.php\/wp-json\/wp\/v2\/pages\/6532","targetHints":{"allow":["GET"]}}],"collection":[{"href":"https:\/\/shabazi.fr\/index.php\/wp-json\/wp\/v2\/pages"}],"about":[{"href":"https:\/\/shabazi.fr\/index.php\/wp-json\/wp\/v2\/types\/page"}],"author":[{"embeddable":true,"href":"https:\/\/shabazi.fr\/index.php\/wp-json\/wp\/v2\/users\/2"}],"replies":[{"embeddable":true,"href":"https:\/\/shabazi.fr\/index.php\/wp-json\/wp\/v2\/comments?post=6532"}],"version-history":[{"count":17,"href":"https:\/\/shabazi.fr\/index.php\/wp-json\/wp\/v2\/pages\/6532\/revisions"}],"predecessor-version":[{"id":8700,"href":"https:\/\/shabazi.fr\/index.php\/wp-json\/wp\/v2\/pages\/6532\/revisions\/8700"}],"wp:attachment":[{"href":"https:\/\/shabazi.fr\/index.php\/wp-json\/wp\/v2\/media?parent=6532"}],"curies":[{"name":"wp","href":"https:\/\/api.w.org\/{rel}","templated":true}]}}